{"id":2404,"date":"2024-03-20T23:13:32","date_gmt":"2024-03-20T22:13:32","guid":{"rendered":"https:\/\/www.gipsypigs.com\/?page_id=2404"},"modified":"2024-03-25T21:29:54","modified_gmt":"2024-03-25T20:29:54","slug":"pigswana-orchestra-sans-groin-ni-trompette","status":"publish","type":"page","link":"https:\/\/www.gipsypigs.com\/","title":{"rendered":"COMPAGNIE GIPSY PIGS"},"content":{"rendered":"\t\t<div data-elementor-type=\"wp-page\" data-elementor-id=\"2404\" class=\"elementor elementor-2404\" data-elementor-settings=\"[]\">\n\t\t\t<div class=\"elementor-inner\">\n\t\t\t\t<div class=\"elementor-section-wrap\">\n\t\t\t\t\t\t\t<section class=\"elementor-element elementor-element-ce0d7dc elementor-section-boxed elementor-section-height-default elementor-section-height-default elementor-section elementor-top-section\" data-id=\"ce0d7dc\" data-element_type=\"section\">\n\t\t\t\t\t\t<div class=\"elementor-container elementor-column-gap-default\">\n\t\t\t\t<div class=\"elementor-row\">\n\t\t\t\t<div class=\"elementor-element elementor-element-533d596 elementor-column elementor-col-100 elementor-top-column\" data-id=\"533d596\" data-element_type=\"column\">\n\t\t\t<div class=\"elementor-column-wrap  elementor-element-populated\">\n\t\t\t\t\t<div class=\"elementor-widget-wrap\">\n\t\t\t\t<div class=\"elementor-element elementor-element-128b551 elementor-widget elementor-widget-image\" data-id=\"128b551\" data-element_type=\"widget\" data-widget_type=\"image.default\">\n\t\t\t\t<div class=\"elementor-widget-container\">\n\t\t\t\t\t<div class=\"elementor-image\">\n\t\t\t\t\t\t\t\t\t\t<img width=\"1024\" height=\"768\" src=\"https:\/\/www.gipsypigs.com\/wordpress\/wp-content\/uploads\/2023\/09\/NSJ_2016_19_Sfeer_07_Andreas_Terlaak-1024x768.jpg\" class=\"attachment-large size-large\" alt=\"\" decoding=\"async\" loading=\"lazy\" srcset=\"https:\/\/www.gipsypigs.com\/wordpress\/wp-content\/uploads\/2023\/09\/NSJ_2016_19_Sfeer_07_Andreas_Terlaak-1024x768.jpg 1024w, https:\/\/www.gipsypigs.com\/wordpress\/wp-content\/uploads\/2023\/09\/NSJ_2016_19_Sfeer_07_Andreas_Terlaak-300x225.jpg 300w, https:\/\/www.gipsypigs.com\/wordpress\/wp-content\/uploads\/2023\/09\/NSJ_2016_19_Sfeer_07_Andreas_Terlaak-768x576.jpg 768w, https:\/\/www.gipsypigs.com\/wordpress\/wp-content\/uploads\/2023\/09\/NSJ_2016_19_Sfeer_07_Andreas_Terlaak.jpg 1280w\" sizes=\"(max-width: 1024px) 100vw, 1024px\" \/>\t\t\t\t\t\t\t\t\t\t\t<\/div>\n\t\t\t\t<\/div>\n\t\t\t\t<\/div>\n\t\t\t\t<div class=\"elementor-element elementor-element-69349d0 elementor-widget elementor-widget-text-editor\" data-id=\"69349d0\" data-element_type=\"widget\" data-widget_type=\"text-editor.default\">\n\t\t\t\t<div class=\"elementor-widget-container\">\n\t\t\t\t\t<div class=\"elementor-text-editor elementor-clearfix\"><p class=\"p1\" style=\"text-align: right;\"><span style=\"font-family: arial, helvetica, sans-serif; font-size: 8pt;\">\u00a9 Andreas_Terlaak<\/span><\/p><\/div>\n\t\t\t\t<\/div>\n\t\t\t\t<\/div>\n\t\t\t\t\t\t<\/div>\n\t\t\t<\/div>\n\t\t<\/div>\n\t\t\t\t\t\t<\/div>\n\t\t\t<\/div>\n\t\t<\/section>\n\t\t\t\t<section class=\"elementor-element elementor-element-93ac629 elementor-section-boxed elementor-section-height-default elementor-section-height-default elementor-section elementor-top-section\" data-id=\"93ac629\" data-element_type=\"section\">\n\t\t\t\t\t\t<div class=\"elementor-container elementor-column-gap-default\">\n\t\t\t\t<div class=\"elementor-row\">\n\t\t\t\t<div class=\"elementor-element elementor-element-19111eb elementor-column elementor-col-100 elementor-top-column\" data-id=\"19111eb\" data-element_type=\"column\">\n\t\t\t<div class=\"elementor-column-wrap  elementor-element-populated\">\n\t\t\t\t\t<div class=\"elementor-widget-wrap\">\n\t\t\t\t<div class=\"elementor-element elementor-element-a5a4565 elementor-widget-divider--separator-type-pattern elementor-widget elementor-widget-divider\" data-id=\"a5a4565\" data-element_type=\"widget\" data-widget_type=\"divider.default\">\n\t\t\t\t<div class=\"elementor-widget-container\">\n\t\t\t\t\t<div class=\"elementor-divider\" style=\"--divider-pattern-url: url(&quot;data:image\/svg+xml,%3Csvg xmlns=&#039;http:\/\/www.w3.org\/2000\/svg&#039; preserveAspectRatio=&#039;none&#039; overflow=&#039;visible&#039; height=&#039;100%&#039; viewBox=&#039;0 0 20 16&#039; stroke=&#039;%23000&#039; stroke-width=&#039;1&#039; fill=&#039;none&#039; stroke-linecap=&#039;square&#039; stroke-miterlimit=&#039;10&#039;%3E%3Cg transform=&#039;translate(-12.000000, 0)&#039;%3E%3Cpath d=&#039;M28,0L10,18&#039;\/%3E%3Cpath d=&#039;M18,0L0,18&#039;\/%3E%3Cpath d=&#039;M48,0L30,18&#039;\/%3E%3Cpath d=&#039;M38,0L20,18&#039;\/%3E%3C\/g%3E%3C\/svg%3E&quot;);\">\n\t\t\t<span class=\"elementor-divider-separator\">\n\t\t\t\t\t\t<\/span>\n\t\t<\/div>\n\t\t\t\t<\/div>\n\t\t\t\t<\/div>\n\t\t\t\t\t\t<\/div>\n\t\t\t<\/div>\n\t\t<\/div>\n\t\t\t\t\t\t<\/div>\n\t\t\t<\/div>\n\t\t<\/section>\n\t\t\t\t<section class=\"elementor-element elementor-element-407ec6c elementor-section-boxed elementor-section-height-default elementor-section-height-default elementor-section elementor-top-section\" data-id=\"407ec6c\" data-element_type=\"section\">\n\t\t\t\t\t\t<div class=\"elementor-container elementor-column-gap-default\">\n\t\t\t\t<div class=\"elementor-row\">\n\t\t\t\t<div class=\"elementor-element elementor-element-eec61bb elementor-column elementor-col-100 elementor-top-column\" data-id=\"eec61bb\" data-element_type=\"column\">\n\t\t\t<div class=\"elementor-column-wrap  elementor-element-populated\">\n\t\t\t\t\t<div class=\"elementor-widget-wrap\">\n\t\t\t\t<div class=\"elementor-element elementor-element-d488b4a elementor-widget elementor-widget-text-editor\" data-id=\"d488b4a\" data-element_type=\"widget\" data-widget_type=\"text-editor.default\">\n\t\t\t\t<div class=\"elementor-widget-container\">\n\t\t\t\t\t<div class=\"elementor-text-editor elementor-clearfix\"><p>La <strong>Cie GIPSY PIGS<\/strong> revendique fi\u00e8rement son appartenance au monde prot\u00e9iforme des Arts de la Rue depuis 1998 en Fanfare comme Art populaire non-repli\u00e9 sur lui-m\u00eame !<br \/>Ni batterie\/fanfare militaire, ni orchestre d\u2019harmonie, ni groupe d\u2019animation de carnaval, ni compagnie th\u00e9\u00e2trale mais bien somme contemporaine de tout cela.<br \/>App\u00e9tence \u00e0 l\u2019impr\u00e9vu de la rue, \u00e0 la r\u00e9action th\u00e9\u00e2trale sur le vif, contact au + proche du public, auto-d\u00e9rision, humour absurde et plaisir de l\u2019esbroufe sont les leitmotivs de la Cie.<\/p><\/div>\n\t\t\t\t<\/div>\n\t\t\t\t<\/div>\n\t\t\t\t\t\t<\/div>\n\t\t\t<\/div>\n\t\t<\/div>\n\t\t\t\t\t\t<\/div>\n\t\t\t<\/div>\n\t\t<\/section>\n\t\t\t\t<section class=\"elementor-element elementor-element-5216692 elementor-section-boxed elementor-section-height-default elementor-section-height-default elementor-section elementor-top-section\" data-id=\"5216692\" data-element_type=\"section\">\n\t\t\t\t\t\t<div class=\"elementor-container elementor-column-gap-default\">\n\t\t\t\t<div class=\"elementor-row\">\n\t\t\t\t<div class=\"elementor-element elementor-element-08a5013 elementor-column elementor-col-100 elementor-top-column\" data-id=\"08a5013\" data-element_type=\"column\">\n\t\t\t<div class=\"elementor-column-wrap  elementor-element-populated\">\n\t\t\t\t\t<div class=\"elementor-widget-wrap\">\n\t\t\t\t<div class=\"elementor-element elementor-element-d6e39b1 elementor-widget-divider--separator-type-pattern elementor-widget elementor-widget-divider\" data-id=\"d6e39b1\" data-element_type=\"widget\" data-widget_type=\"divider.default\">\n\t\t\t\t<div class=\"elementor-widget-container\">\n\t\t\t\t\t<div class=\"elementor-divider\" style=\"--divider-pattern-url: url(&quot;data:image\/svg+xml,%3Csvg xmlns=&#039;http:\/\/www.w3.org\/2000\/svg&#039; preserveAspectRatio=&#039;none&#039; overflow=&#039;visible&#039; height=&#039;100%&#039; viewBox=&#039;0 0 20 16&#039; stroke=&#039;%23000&#039; stroke-width=&#039;1&#039; fill=&#039;none&#039; stroke-linecap=&#039;square&#039; stroke-miterlimit=&#039;10&#039;%3E%3Cg transform=&#039;translate(-12.000000, 0)&#039;%3E%3Cpath d=&#039;M28,0L10,18&#039;\/%3E%3Cpath d=&#039;M18,0L0,18&#039;\/%3E%3Cpath d=&#039;M48,0L30,18&#039;\/%3E%3Cpath d=&#039;M38,0L20,18&#039;\/%3E%3C\/g%3E%3C\/svg%3E&quot;);\">\n\t\t\t<span class=\"elementor-divider-separator\">\n\t\t\t\t\t\t<\/span>\n\t\t<\/div>\n\t\t\t\t<\/div>\n\t\t\t\t<\/div>\n\t\t\t\t\t\t<\/div>\n\t\t\t<\/div>\n\t\t<\/div>\n\t\t\t\t\t\t<\/div>\n\t\t\t<\/div>\n\t\t<\/section>\n\t\t\t\t\t\t<\/div>\n\t\t\t<\/div>\n\t\t<\/div>\n\t\t","protected":false},"excerpt":{"rendered":"<p>\u00a9 Andreas_Terlaak La Cie GIPSY PIGS revendique fi\u00e8rement son appartenance au monde prot\u00e9iforme des Arts de la Rue depuis 1998 en Fanfare comme Art populaire non-repli\u00e9 sur lui-m\u00eame !Ni batterie\/fanfare militaire, ni orchestre d\u2019harmonie, ni groupe d\u2019animation de carnaval, ni compagnie th\u00e9\u00e2trale mais bien somme contemporaine de tout cela.App\u00e9tence \u00e0 l\u2019impr\u00e9vu de la rue, \u00e0<a class=\"rmore\" href=\"https:\/\/www.gipsypigs.com\/\">&nbsp;&nbsp; Read More &#8230;<\/a><\/p>\n","protected":false},"author":1,"featured_media":0,"parent":0,"menu_order":0,"comment_status":"closed","ping_status":"closed","template":"fullpage.php","meta":[],"_links":{"self":[{"href":"https:\/\/www.gipsypigs.com\/index.php?rest_route=\/wp\/v2\/pages\/2404"}],"collection":[{"href":"https:\/\/www.gipsypigs.com\/index.php?rest_route=\/wp\/v2\/pages"}],"about":[{"href":"https:\/\/www.gipsypigs.com\/index.php?rest_route=\/wp\/v2\/types\/page"}],"author":[{"embeddable":true,"href":"https:\/\/www.gipsypigs.com\/index.php?rest_route=\/wp\/v2\/users\/1"}],"replies":[{"embeddable":true,"href":"https:\/\/www.gipsypigs.com\/index.php?rest_route=%2Fwp%2Fv2%2Fcomments&post=2404"}],"version-history":[{"count":7,"href":"https:\/\/www.gipsypigs.com\/index.php?rest_route=\/wp\/v2\/pages\/2404\/revisions"}],"predecessor-version":[{"id":2431,"href":"https:\/\/www.gipsypigs.com\/index.php?rest_route=\/wp\/v2\/pages\/2404\/revisions\/2431"}],"wp:attachment":[{"href":"https:\/\/www.gipsypigs.com\/index.php?rest_route=%2Fwp%2Fv2%2Fmedia&parent=2404"}],"curies":[{"name":"wp","href":"https:\/\/api.w.org\/{rel}","templated":true}]}}