{"id":2521,"date":"2025-05-26T09:12:23","date_gmt":"2025-05-26T08:12:23","guid":{"rendered":"https:\/\/www.gipsypigs.com\/?page_id=2521"},"modified":"2025-06-03T17:35:18","modified_gmt":"2025-06-03T16:35:18","slug":"atelier-le-grand-aoua-orchestra","status":"publish","type":"page","link":"http:\/\/www.gipsypigs.com\/?page_id=2521","title":{"rendered":"Atelier \/ LE GRAND AOUA ORCHESTRA"},"content":{"rendered":"\t\t<div data-elementor-type=\"wp-page\" data-elementor-id=\"2521\" class=\"elementor elementor-2521\" data-elementor-settings=\"[]\">\n\t\t\t<div class=\"elementor-inner\">\n\t\t\t\t<div class=\"elementor-section-wrap\">\n\t\t\t\t\t\t\t<section class=\"elementor-element elementor-element-ce0d7dc elementor-section-boxed elementor-section-height-default elementor-section-height-default elementor-section elementor-top-section\" data-id=\"ce0d7dc\" data-element_type=\"section\">\n\t\t\t\t\t\t<div class=\"elementor-container elementor-column-gap-default\">\n\t\t\t\t<div class=\"elementor-row\">\n\t\t\t\t<div class=\"elementor-element elementor-element-533d596 elementor-column elementor-col-100 elementor-top-column\" data-id=\"533d596\" data-element_type=\"column\">\n\t\t\t<div class=\"elementor-column-wrap  elementor-element-populated\">\n\t\t\t\t\t<div class=\"elementor-widget-wrap\">\n\t\t\t\t<div class=\"elementor-element elementor-element-128b551 elementor-widget elementor-widget-image\" data-id=\"128b551\" data-element_type=\"widget\" data-widget_type=\"image.default\">\n\t\t\t\t<div class=\"elementor-widget-container\">\n\t\t\t\t\t<div class=\"elementor-image\">\n\t\t\t\t\t\t\t\t\t\t<img width=\"1024\" height=\"683\" src=\"http:\/\/www.gipsypigs.com\/wordpress\/wp-content\/uploads\/2025\/05\/IMG_5692-1-1024x683.jpg\" class=\"attachment-large size-large\" alt=\"\" decoding=\"async\" loading=\"lazy\" srcset=\"http:\/\/www.gipsypigs.com\/wordpress\/wp-content\/uploads\/2025\/05\/IMG_5692-1-1024x683.jpg 1024w, http:\/\/www.gipsypigs.com\/wordpress\/wp-content\/uploads\/2025\/05\/IMG_5692-1-300x200.jpg 300w, http:\/\/www.gipsypigs.com\/wordpress\/wp-content\/uploads\/2025\/05\/IMG_5692-1-768x512.jpg 768w, http:\/\/www.gipsypigs.com\/wordpress\/wp-content\/uploads\/2025\/05\/IMG_5692-1-1536x1024.jpg 1536w, http:\/\/www.gipsypigs.com\/wordpress\/wp-content\/uploads\/2025\/05\/IMG_5692-1-2048x1365.jpg 2048w\" sizes=\"(max-width: 1024px) 100vw, 1024px\" \/>\t\t\t\t\t\t\t\t\t\t\t<\/div>\n\t\t\t\t<\/div>\n\t\t\t\t<\/div>\n\t\t\t\t<div class=\"elementor-element elementor-element-69349d0 elementor-widget elementor-widget-text-editor\" data-id=\"69349d0\" data-element_type=\"widget\" data-widget_type=\"text-editor.default\">\n\t\t\t\t<div class=\"elementor-widget-container\">\n\t\t\t\t\t<div class=\"elementor-text-editor elementor-clearfix\"><p class=\"p1\" style=\"text-align: right;\"><span style=\"font-family: arial, helvetica, sans-serif; font-size: 8pt;\">\u00a9 Julia Br\u00e9ault<\/span><\/p><\/div>\n\t\t\t\t<\/div>\n\t\t\t\t<\/div>\n\t\t\t\t\t\t<\/div>\n\t\t\t<\/div>\n\t\t<\/div>\n\t\t\t\t\t\t<\/div>\n\t\t\t<\/div>\n\t\t<\/section>\n\t\t\t\t<section class=\"elementor-element elementor-element-ff43017 elementor-section-boxed elementor-section-height-default elementor-section-height-default elementor-section elementor-top-section\" data-id=\"ff43017\" data-element_type=\"section\">\n\t\t\t\t\t\t<div class=\"elementor-container elementor-column-gap-default\">\n\t\t\t\t<div class=\"elementor-row\">\n\t\t\t\t<div class=\"elementor-element elementor-element-c00d797 elementor-column elementor-col-100 elementor-top-column\" data-id=\"c00d797\" data-element_type=\"column\">\n\t\t\t<div class=\"elementor-column-wrap\">\n\t\t\t\t\t<div class=\"elementor-widget-wrap\">\n\t\t\t\t\t\t<\/div>\n\t\t\t<\/div>\n\t\t<\/div>\n\t\t\t\t\t\t<\/div>\n\t\t\t<\/div>\n\t\t<\/section>\n\t\t\t\t<section class=\"elementor-element elementor-element-407ec6c elementor-section-boxed elementor-section-height-default elementor-section-height-default elementor-section elementor-top-section\" data-id=\"407ec6c\" data-element_type=\"section\">\n\t\t\t\t\t\t<div class=\"elementor-container elementor-column-gap-default\">\n\t\t\t\t<div class=\"elementor-row\">\n\t\t\t\t<div class=\"elementor-element elementor-element-eec61bb elementor-column elementor-col-100 elementor-top-column\" data-id=\"eec61bb\" data-element_type=\"column\">\n\t\t\t<div class=\"elementor-column-wrap  elementor-element-populated\">\n\t\t\t\t\t<div class=\"elementor-widget-wrap\">\n\t\t\t\t<div class=\"elementor-element elementor-element-d488b4a elementor-widget elementor-widget-text-editor\" data-id=\"d488b4a\" data-element_type=\"widget\" data-widget_type=\"text-editor.default\">\n\t\t\t\t<div class=\"elementor-widget-container\">\n\t\t\t\t\t<div class=\"elementor-text-editor elementor-clearfix\"><p dir=\"ltr\"><span style=\"font-family: helvetica, arial, sans-serif; font-size: 12pt;\">Cr\u00e9er et produire en public un concert\/spectacle de rue, d\u00e9ambulatoire, avec des s\u00e9quences \u00ab en fixe \u00bb, et bien s\u00fbr en fanfare. Les musiciens intervenants joueront avec les stagiaires. Ce concert pourrait \u00eatre donn\u00e9 dans un premier temps dans le cadre de la f\u00eate annuelle de l\u2019AMH, dans le cadre d\u2019une f\u00eate de quartier, de la f\u00eate de la Musique, puis \u00e0 plus long terme, dans d\u2019autres manifestations locales, d\u00e9partementales ou r\u00e9gionales.<\/span><br \/><span style=\"font-family: helvetica, arial, sans-serif; font-size: 12pt;\"><strong>Il s\u2019adresse \u00e0 tout musicien ayant un minimum trois ans de pratique, jouant d\u2019un instrument se pr\u00eatant \u00e0 la d\u00e9ambulation.<\/strong><\/span><\/p><p dir=\"ltr\"><span style=\"font-family: helvetica, arial, sans-serif; font-size: 12pt;\"><strong>Mise en \u0153uvre :<\/strong> \u00e0 partir de septembre 2025, ateliers bimensuels (24 s\u00e9ances de 1h30)<\/span><\/p><p dir=\"ltr\"><span style=\"font-family: helvetica, arial, sans-serif; font-size: 12pt;\"><strong>Contact : <\/strong><\/span><br \/><span style=\"font-family: helvetica, arial, sans-serif; font-size: 12pt;\"><strong>Atelier de Musique du Havre<\/strong><\/span><br class=\"autobr\" \/><span style=\"font-family: helvetica, arial, sans-serif; font-size: 12pt;\">Fort de Tourneville<\/span><br class=\"autobr\" \/><span style=\"font-family: helvetica, arial, sans-serif; font-size: 12pt;\">55 rue du 329\u00e8me R.I.<\/span><br class=\"autobr\" \/><span style=\"font-family: helvetica, arial, sans-serif; font-size: 12pt;\">76620 Le Havre<\/span><br class=\"autobr\" \/><span style=\"font-family: helvetica, arial, sans-serif; font-size: 12pt;\">T\u00e9l\u00a0: 02.35.54.32.01<\/span><br class=\"autobr\" \/><span style=\"font-family: helvetica, arial, sans-serif; font-size: 12pt;\">info@atelierdemusiqueduhavre.com<\/span><\/p><\/div>\n\t\t\t\t<\/div>\n\t\t\t\t<\/div>\n\t\t\t\t\t\t<\/div>\n\t\t\t<\/div>\n\t\t<\/div>\n\t\t\t\t\t\t<\/div>\n\t\t\t<\/div>\n\t\t<\/section>\n\t\t\t\t<section class=\"elementor-element elementor-element-c771a8a elementor-section-boxed elementor-section-height-default elementor-section-height-default elementor-section elementor-top-section\" data-id=\"c771a8a\" data-element_type=\"section\">\n\t\t\t\t\t\t<div class=\"elementor-container elementor-column-gap-default\">\n\t\t\t\t<div class=\"elementor-row\">\n\t\t\t\t<div class=\"elementor-element elementor-element-e8709c6 elementor-column elementor-col-100 elementor-top-column\" data-id=\"e8709c6\" data-element_type=\"column\">\n\t\t\t<div class=\"elementor-column-wrap  elementor-element-populated\">\n\t\t\t\t\t<div class=\"elementor-widget-wrap\">\n\t\t\t\t<div class=\"elementor-element elementor-element-a03adb3 elementor-widget elementor-widget-image\" data-id=\"a03adb3\" data-element_type=\"widget\" data-widget_type=\"image.default\">\n\t\t\t\t<div class=\"elementor-widget-container\">\n\t\t\t\t\t<div class=\"elementor-image\">\n\t\t\t\t\t\t\t\t\t\t<img width=\"1092\" height=\"443\" src=\"http:\/\/www.gipsypigs.com\/wordpress\/wp-content\/uploads\/2025\/06\/Design-sans-titre.jpg\" class=\"attachment-full size-full\" alt=\"\" decoding=\"async\" loading=\"lazy\" srcset=\"http:\/\/www.gipsypigs.com\/wordpress\/wp-content\/uploads\/2025\/06\/Design-sans-titre.jpg 1092w, http:\/\/www.gipsypigs.com\/wordpress\/wp-content\/uploads\/2025\/06\/Design-sans-titre-300x122.jpg 300w, http:\/\/www.gipsypigs.com\/wordpress\/wp-content\/uploads\/2025\/06\/Design-sans-titre-1024x415.jpg 1024w, http:\/\/www.gipsypigs.com\/wordpress\/wp-content\/uploads\/2025\/06\/Design-sans-titre-768x312.jpg 768w\" sizes=\"(max-width: 1092px) 100vw, 1092px\" \/>\t\t\t\t\t\t\t\t\t\t\t<\/div>\n\t\t\t\t<\/div>\n\t\t\t\t<\/div>\n\t\t\t\t<div class=\"elementor-element elementor-element-b491304 elementor-widget elementor-widget-text-editor\" data-id=\"b491304\" data-element_type=\"widget\" data-widget_type=\"text-editor.default\">\n\t\t\t\t<div class=\"elementor-widget-container\">\n\t\t\t\t\t<div class=\"elementor-text-editor elementor-clearfix\"><p style=\"text-align: right;\"><span style=\"font-family: arial, helvetica, sans-serif; font-size: 8pt;\">\u00a9 Mana<\/span><\/p><\/div>\n\t\t\t\t<\/div>\n\t\t\t\t<\/div>\n\t\t\t\t<div class=\"elementor-element elementor-element-6aefc41 elementor-aspect-ratio-169 elementor-widget elementor-widget-video\" data-id=\"6aefc41\" data-element_type=\"widget\" data-settings=\"{&quot;aspect_ratio&quot;:&quot;169&quot;}\" data-widget_type=\"video.default\">\n\t\t\t\t<div class=\"elementor-widget-container\">\n\t\t\t\t\t<div class=\"elementor-wrapper elementor-fit-aspect-ratio elementor-open-inline\">\n\t\t\t<iframe class=\"elementor-video-iframe\" allowfullscreen title=\"Lecteur vid\u00e9o youtube\" src=\"https:\/\/www.youtube.com\/embed\/xfrt0Cia3Uc?feature=oembed&amp;start&amp;end&amp;wmode=opaque&amp;loop=0&amp;controls=1&amp;mute=0&amp;rel=0&amp;modestbranding=0\"><\/iframe>\t\t<\/div>\n\t\t\t\t<\/div>\n\t\t\t\t<\/div>\n\t\t\t\t\t\t<\/div>\n\t\t\t<\/div>\n\t\t<\/div>\n\t\t\t\t\t\t<\/div>\n\t\t\t<\/div>\n\t\t<\/section>\n\t\t\t\t<section class=\"elementor-element elementor-element-f81f67a elementor-section-boxed elementor-section-height-default elementor-section-height-default elementor-section elementor-top-section\" data-id=\"f81f67a\" data-element_type=\"section\">\n\t\t\t\t\t\t<div class=\"elementor-container elementor-column-gap-default\">\n\t\t\t\t<div class=\"elementor-row\">\n\t\t\t\t<div class=\"elementor-element elementor-element-fc7c190 elementor-column elementor-col-100 elementor-top-column\" data-id=\"fc7c190\" data-element_type=\"column\">\n\t\t\t<div class=\"elementor-column-wrap  elementor-element-populated\">\n\t\t\t\t\t<div class=\"elementor-widget-wrap\">\n\t\t\t\t<div class=\"elementor-element elementor-element-490c269 elementor-widget elementor-widget-text-editor\" data-id=\"490c269\" data-element_type=\"widget\" data-widget_type=\"text-editor.default\">\n\t\t\t\t<div class=\"elementor-widget-container\">\n\t\t\t\t\t<div class=\"elementor-text-editor elementor-clearfix\"><h3><strong><span style=\"text-decoration: underline;\">Dates \u00e0 venir<\/span>\u00a0 :<\/strong><\/h3><p>\n<p class=\"gigpress-empty\">No shows booked at the moment.<\/p><!-- Generated by GigPress 2.3.26 -->\n\t<\/p><h3><span style=\"text-decoration: underline;\">Dates pass\u00e9es<\/span> :<\/h3><p>\n\n<table class=\"gigpress-table past\" cellspacing=\"0\">\n\t<tbody>\n\t\t<tr class=\"gigpress-header\">\n\t\t\t<th scope=\"col\" class=\"gigpress-date\">Date<\/th>\n\t\t\t\t\t<th scope=\"col\" class=\"gigpress-city\">Ville<\/th>\n\t\t\t<th scope=\"col\" class=\"gigpress-venue\">Salle<\/th>\n\t\t\t\t\t<th scope=\"col\" class=\"gigpress-country\">Pays<\/th>\n\t\t\t\t<\/tr>\n\t<\/tbody>\n\t\n<tbody>\n\t\n\t<tr class=\"gigpress-row active\">\n\t\n\t\t<td class=\"gigpress-date\">20\/06\/25\t\t\t\t\t<\/td>\n\t\t\n\t\t\n\t\t<td class=\"gigpress-city\">Epouville<\/td>\n\t\t\n\t\t<td class=\"gigpress-venue\">F\u00eate de la musique<\/td>\n\t\t\n\t\t\t<td class=\"gigpress-country\">France<\/td>\n\t\t\n\t<\/tr>\n\t\n\t<tr class=\"gigpress-info active\">\n\t\n\t\t<td class=\"gigpress-links-cell\">\n\t\t\t\t\t<\/td>\n\t\t\n\t\t<td colspan=\"3\">\n\t\t\n\t\t\t\t\t\t\n\t\t\t\t\t\t\n\t\t\t\t\t\t\n\t\t\t\t\t\t\n\t\t\t\t\t\t\n\t\t\t\t\t\t\t\n\t\t\t\n\t\t\t\t\t\t\n\t\t\t\t\t\t\n\t\t\t\n\t\t\t\t\t\t\t\t\n\t\t\n\t\t<\/td>\n\t\n\t<\/tr>\n<\/tbody>\t\n\n<tbody>\n\t\n\t<tr class=\"gigpress-row active gigpress-alt\">\n\t\n\t\t<td class=\"gigpress-date\">20\/06\/25\t\t\t\t\t<\/td>\n\t\t\n\t\t\n\t\t<td class=\"gigpress-city\">Le Havre<\/td>\n\t\t\n\t\t<td class=\"gigpress-venue\">Festival de la Bascule \/ Hangar Z\u00e9ro<\/td>\n\t\t\n\t\t\t<td class=\"gigpress-country\">France<\/td>\n\t\t\n\t<\/tr>\n\t\n\t<tr class=\"gigpress-info active gigpress-alt\">\n\t\n\t\t<td class=\"gigpress-links-cell\">\n\t\t\t\t\t<\/td>\n\t\t\n\t\t<td colspan=\"3\">\n\t\t\n\t\t\t\t\t\t\n\t\t\t\t\t\t\n\t\t\t\t\t\t\n\t\t\t\t\t\t\n\t\t\t\t\t\t\n\t\t\t\t\t\t\t\n\t\t\t\n\t\t\t\t\t\t\n\t\t\t\t\t\t\n\t\t\t\n\t\t\t\t\t\t\t\t\n\t\t\n\t\t<\/td>\n\t\n\t<\/tr>\n<\/tbody>\t\n\n<tbody>\n\t\n\t<tr class=\"gigpress-row active\">\n\t\n\t\t<td class=\"gigpress-date\">13\/06\/25\t\t\t\t\t<\/td>\n\t\t\n\t\t\n\t\t<td class=\"gigpress-city\">Rouen<\/td>\n\t\t\n\t\t<td class=\"gigpress-venue\">F\u00eate des Voisins<\/td>\n\t\t\n\t\t\t<td class=\"gigpress-country\">France<\/td>\n\t\t\n\t<\/tr>\n\t\n\t<tr class=\"gigpress-info active\">\n\t\n\t\t<td class=\"gigpress-links-cell\">\n\t\t\t\t\t<\/td>\n\t\t\n\t\t<td colspan=\"3\">\n\t\t\n\t\t\t\t\t\t\n\t\t\t\t\t\t\n\t\t\t\t\t\t\n\t\t\t\t\t\t\n\t\t\t\t\t\t\n\t\t\t\t\t\t\t\n\t\t\t\n\t\t\t\t\t\t\n\t\t\t\t\t\t\n\t\t\t\n\t\t\t\t\t\t\t\t\n\t\t\n\t\t<\/td>\n\t\n\t<\/tr>\n<\/tbody>\t\n\n<tbody>\n\t\n\t<tr class=\"gigpress-row active gigpress-alt\">\n\t\n\t\t<td class=\"gigpress-date\">04\/06\/25\t\t\t\t\t<\/td>\n\t\t\n\t\t\n\t\t<td class=\"gigpress-city\">Le Havre<\/td>\n\t\t\n\t\t<td class=\"gigpress-venue\">Grand Gala D&#8217;ouverture de la F\u00eate de l&#8217;AMH<\/td>\n\t\t\n\t\t\t<td class=\"gigpress-country\">France<\/td>\n\t\t\n\t<\/tr>\n\t\n\t<tr class=\"gigpress-info active gigpress-alt\">\n\t\n\t\t<td class=\"gigpress-links-cell\">\n\t\t\t\t\t<\/td>\n\t\t\n\t\t<td colspan=\"3\">\n\t\t\n\t\t\t\t\t\t\n\t\t\t\t\t\t\n\t\t\t\t\t\t\n\t\t\t\t\t\t\n\t\t\t\t\t\t\n\t\t\t\t\t\t\t\n\t\t\t\n\t\t\t\t\t\t\n\t\t\t\t\t\t\n\t\t\t\n\t\t\t\t\t\t\t\t\n\t\t\n\t\t<\/td>\n\t\n\t<\/tr>\n<\/tbody>\t\n\n<\/table>\n<script type=\"application\/ld+json\">[\n    {\n        \"@context\": \"http:\/\/schema.org\",\n        \"@type\": \"Event\",\n        \"name\": \"ATELIER GRAND AOUA ORCHESTRA\",\n        \"startDate\": \"2025-06-20T00:00:01\",\n        \"performers\": {\n            \"@type\": \"Organization\",\n            \"name\": \"ATELIER GRAND AOUA ORCHESTRA\"\n        },\n        \"location\": {\n            \"@type\": \"Place\",\n            \"name\": \"F\\u00eate de la musique\",\n            \"address\": {\n                \"@type\": \"PostalAddress\",\n                \"addressLocality\": \"Epouville\",\n                \"addressCountry\": \"France\"\n            }\n        }\n    },\n    {\n        \"@context\": \"http:\/\/schema.org\",\n        \"@type\": \"Event\",\n        \"name\": \"ATELIER GRAND AOUA ORCHESTRA\",\n        \"startDate\": \"2025-06-20T00:00:01\",\n        \"performers\": {\n            \"@type\": \"Organization\",\n            \"name\": \"ATELIER GRAND AOUA ORCHESTRA\"\n        },\n        \"location\": {\n            \"@type\": \"Place\",\n            \"name\": \"Festival de la Bascule \/ Hangar Z\\u00e9ro\",\n            \"address\": {\n                \"@type\": \"PostalAddress\",\n                \"addressLocality\": \"Le Havre\",\n                \"addressCountry\": \"France\"\n            }\n        }\n    },\n    {\n        \"@context\": \"http:\/\/schema.org\",\n        \"@type\": \"Event\",\n        \"name\": \"ATELIER GRAND AOUA ORCHESTRA\",\n        \"startDate\": \"2025-06-13T00:00:01\",\n        \"performers\": {\n            \"@type\": \"Organization\",\n            \"name\": \"ATELIER GRAND AOUA ORCHESTRA\"\n        },\n        \"location\": {\n            \"@type\": \"Place\",\n            \"name\": \"F\\u00eate des Voisins\",\n            \"address\": {\n                \"@type\": \"PostalAddress\",\n                \"addressLocality\": \"Rouen\",\n                \"addressCountry\": \"France\"\n            }\n        }\n    },\n    {\n        \"@context\": \"http:\/\/schema.org\",\n        \"@type\": \"Event\",\n        \"name\": \"ATELIER GRAND AOUA ORCHESTRA\",\n        \"startDate\": \"2025-06-04T00:00:01\",\n        \"performers\": {\n            \"@type\": \"Organization\",\n            \"name\": \"ATELIER GRAND AOUA ORCHESTRA\"\n        },\n        \"location\": {\n            \"@type\": \"Place\",\n            \"name\": \"Grand Gala D&#8217;ouverture de la F\\u00eate de l&#8217;AMH\",\n            \"address\": {\n                \"@type\": \"PostalAddress\",\n                \"addressLocality\": \"Le Havre\",\n                \"addressCountry\": \"France\"\n            }\n        }\n    }\n]<\/script><!-- Generated by GigPress 2.3.26 -->\n\t<\/p><\/div>\n\t\t\t\t<\/div>\n\t\t\t\t<\/div>\n\t\t\t\t\t\t<\/div>\n\t\t\t<\/div>\n\t\t<\/div>\n\t\t\t\t\t\t<\/div>\n\t\t\t<\/div>\n\t\t<\/section>\n\t\t\t\t<section class=\"elementor-element elementor-element-a1c2657 elementor-section-boxed elementor-section-height-default elementor-section-height-default elementor-section elementor-top-section\" data-id=\"a1c2657\" data-element_type=\"section\">\n\t\t\t\t\t\t<div class=\"elementor-container elementor-column-gap-default\">\n\t\t\t\t<div class=\"elementor-row\">\n\t\t\t\t<div class=\"elementor-element elementor-element-324ab61 elementor-column elementor-col-100 elementor-top-column\" data-id=\"324ab61\" data-element_type=\"column\">\n\t\t\t<div class=\"elementor-column-wrap  elementor-element-populated\">\n\t\t\t\t\t<div class=\"elementor-widget-wrap\">\n\t\t\t\t<div class=\"elementor-element elementor-element-231f136 elementor-widget elementor-widget-image\" data-id=\"231f136\" data-element_type=\"widget\" data-widget_type=\"image.default\">\n\t\t\t\t<div class=\"elementor-widget-container\">\n\t\t\t\t\t<div class=\"elementor-image\">\n\t\t\t\t\t\t\t\t\t\t<img width=\"728\" height=\"90\" src=\"http:\/\/www.gipsypigs.com\/wordpress\/wp-content\/uploads\/2025\/05\/Banniere_partenaires_atelier.jpg\" class=\"attachment-large size-large\" alt=\"\" decoding=\"async\" loading=\"lazy\" srcset=\"http:\/\/www.gipsypigs.com\/wordpress\/wp-content\/uploads\/2025\/05\/Banniere_partenaires_atelier.jpg 728w, http:\/\/www.gipsypigs.com\/wordpress\/wp-content\/uploads\/2025\/05\/Banniere_partenaires_atelier-300x37.jpg 300w\" sizes=\"(max-width: 728px) 100vw, 728px\" \/>\t\t\t\t\t\t\t\t\t\t\t<\/div>\n\t\t\t\t<\/div>\n\t\t\t\t<\/div>\n\t\t\t\t\t\t<\/div>\n\t\t\t<\/div>\n\t\t<\/div>\n\t\t\t\t\t\t<\/div>\n\t\t\t<\/div>\n\t\t<\/section>\n\t\t\t\t\t\t<\/div>\n\t\t\t<\/div>\n\t\t<\/div>\n\t\t","protected":false},"excerpt":{"rendered":"<p>\u00a9 Julia Br\u00e9ault Cr\u00e9er et produire en public un concert\/spectacle de rue, d\u00e9ambulatoire, avec des s\u00e9quences \u00ab en fixe \u00bb, et bien s\u00fbr en fanfare. Les musiciens intervenants joueront avec les stagiaires. Ce concert pourrait \u00eatre donn\u00e9 dans un premier temps dans le cadre de la f\u00eate annuelle de l\u2019AMH, dans le cadre d\u2019une f\u00eate<a class=\"rmore\" href=\"http:\/\/www.gipsypigs.com\/?page_id=2521\">&nbsp;&nbsp; Read More &#8230;<\/a><\/p>\n","protected":false},"author":1,"featured_media":0,"parent":0,"menu_order":0,"comment_status":"closed","ping_status":"closed","template":"fullpage.php","meta":[],"_links":{"self":[{"href":"http:\/\/www.gipsypigs.com\/index.php?rest_route=\/wp\/v2\/pages\/2521"}],"collection":[{"href":"http:\/\/www.gipsypigs.com\/index.php?rest_route=\/wp\/v2\/pages"}],"about":[{"href":"http:\/\/www.gipsypigs.com\/index.php?rest_route=\/wp\/v2\/types\/page"}],"author":[{"embeddable":true,"href":"http:\/\/www.gipsypigs.com\/index.php?rest_route=\/wp\/v2\/users\/1"}],"replies":[{"embeddable":true,"href":"http:\/\/www.gipsypigs.com\/index.php?rest_route=%2Fwp%2Fv2%2Fcomments&post=2521"}],"version-history":[{"count":9,"href":"http:\/\/www.gipsypigs.com\/index.php?rest_route=\/wp\/v2\/pages\/2521\/revisions"}],"predecessor-version":[{"id":2552,"href":"http:\/\/www.gipsypigs.com\/index.php?rest_route=\/wp\/v2\/pages\/2521\/revisions\/2552"}],"wp:attachment":[{"href":"http:\/\/www.gipsypigs.com\/index.php?rest_route=%2Fwp%2Fv2%2Fmedia&parent=2521"}],"curies":[{"name":"wp","href":"https:\/\/api.w.org\/{rel}","templated":true}]}}